{"id":3197,"date":"2023-11-20T11:40:53","date_gmt":"2023-11-20T11:40:53","guid":{"rendered":"https:\/\/www.gaudlitz.de\/agb\/"},"modified":"2025-06-04T11:45:16","modified_gmt":"2025-06-04T11:45:16","slug":"gtc","status":"publish","type":"page","link":"https:\/\/www.gaudlitz.de\/en\/gtc\/","title":{"rendered":"GTC"},"content":{"rendered":"[vc_row type=&#8221;full_width_background&#8221; full_screen_row_position=&#8221;middle&#8221; column_margin=&#8221;default&#8221; column_direction=&#8221;default&#8221; column_direction_tablet=&#8221;default&#8221; column_direction_phone=&#8221;default&#8221; scene_position=&#8221;center&#8221; top_padding=&#8221;200px&#8221; bottom_padding=&#8221;50&#8243; top_padding_tablet=&#8221;150px&#8221; top_padding_phone=&#8221;100px&#8221; text_color=&#8221;dark&#8221; text_align=&#8221;left&#8221; row_border_radius=&#8221;none&#8221; row_border_radius_applies=&#8221;bg&#8221; overflow=&#8221;visible&#8221; overlay_strength=&#8221;0.3&#8243; gradient_direction=&#8221;left_to_right&#8221; shape_divider_position=&#8221;bottom&#8221; bg_image_animation=&#8221;none&#8221; gradient_type=&#8221;default&#8221; shape_type=&#8221;&#8221;][vc_column column_padding=&#8221;no-extra-padding&#8221; column_padding_tablet=&#8221;inherit&#8221; column_padding_phone=&#8221;inherit&#8221; column_padding_position=&#8221;all&#8221; column_element_direction_desktop=&#8221;default&#8221; column_element_spacing=&#8221;default&#8221; desktop_text_alignment=&#8221;default&#8221; tablet_text_alignment=&#8221;default&#8221; phone_text_alignment=&#8221;default&#8221; background_color_opacity=&#8221;1&#8243; background_hover_color_opacity=&#8221;1&#8243; column_backdrop_filter=&#8221;none&#8221; column_shadow=&#8221;none&#8221; column_border_radius=&#8221;none&#8221; column_link_target=&#8221;_self&#8221; column_position=&#8221;default&#8221; gradient_direction=&#8221;left_to_right&#8221; overlay_strength=&#8221;0.3&#8243; width=&#8221;1\/1&#8243; tablet_width_inherit=&#8221;default&#8221; animation_type=&#8221;default&#8221; bg_image_animation=&#8221;none&#8221; border_type=&#8221;simple&#8221; column_border_width=&#8221;none&#8221; column_border_style=&#8221;solid&#8221; column_padding_type=&#8221;default&#8221; gradient_type=&#8221;default&#8221; offset=&#8221;vc_col-lg-offset-2 vc_col-lg-8&#8243;][split_line_heading animation_type=&#8221;line-reveal-by-space&#8221; font_style=&#8221;h1&#8243; text_color=&#8221;#7c858c&#8221; line_reveal_by_space_text_effect=&#8221;default&#8221; content_alignment=&#8221;default&#8221; mobile_content_alignment=&#8221;inherit&#8221; link_target=&#8221;_self&#8221; text_content=&#8221;Download our terms and conditions&#8221; font_size=&#8221;60px&#8221;][\/split_line_heading][divider line_type=&#8221;No Line&#8221; custom_height=&#8221;50px&#8221;][split_line_heading animation_type=&#8221;line-reveal-by-space&#8221; font_style=&#8221;h2&#8243; text_color=&#8221;#7c858c&#8221; line_reveal_by_space_text_effect=&#8221;default&#8221; content_alignment=&#8221;default&#8221; mobile_content_alignment=&#8221;inherit&#8221; link_target=&#8221;_self&#8221; text_content=&#8221;Coburg&#8221; font_size=&#8221;30px&#8221;][\/split_line_heading][vc_column_text]<a href=\"https:\/\/www.gaudlitz.de\/wp-content\/uploads\/2025\/02\/2023-12-13_Allgemeine_Verkaufs-_und_Lieferbedingungen.pdf\">Allgemeine Verkaufs- und Lieferbedingungen<\/a><\/p>\n<p><a href=\"https:\/\/www.gaudlitz.de\/wp-content\/uploads\/2024\/11\/2023-12-13_General-Terms-and-Conditions-of-Sale-and-Delivery.pdf\">General Conditions of Sale<\/a><\/p>\n<p><a href=\"https:\/\/www.gaudlitz.de\/wp-content\/uploads\/2025\/02\/2023-12-15_Allgemeine_Einkaufsbedingungen.pdf\">Allgemeine Einkaufsbedingungen<\/a><\/p>\n<p><a href=\"https:\/\/www.gaudlitz.de\/wp-content\/uploads\/2024\/11\/2023-12-15_General-Terms-and-Conditions-of-Purchase.pdf\">General Conditions of Purchase<\/a>[\/vc_column_text][divider line_type=&#8221;No Line&#8221; custom_height=&#8221;50px&#8221;][split_line_heading animation_type=&#8221;line-reveal-by-space&#8221; font_style=&#8221;h2&#8243; text_color=&#8221;#7c858c&#8221; line_reveal_by_space_text_effect=&#8221;default&#8221; content_alignment=&#8221;default&#8221; mobile_content_alignment=&#8221;inherit&#8221; link_target=&#8221;_self&#8221; text_content=&#8221;Da\u010dice&#8221; font_size=&#8221;30px&#8221;][\/split_line_heading][vc_column_text]<a href=\"https:\/\/www.gaudlitz.de\/wp-content\/uploads\/2024\/11\/2023-12-13_General-Terms-and-Conditions-of-Sale-and-Delivery.pdf\">General Conditions of Sale<\/a><\/p>\n<p><a href=\"https:\/\/www.gaudlitz.de\/wp-content\/uploads\/2025\/06\/2025-06-04_General-Terms-and-Conditions-of-Purchase.pdf\">General Terms and Conditions of Purchase<\/a><\/p>\n<p><a href=\"https:\/\/www.gaudlitz.de\/wp-content\/uploads\/2025\/06\/2025-06-04_Vseobecne-podminky-nakupu.pdf\">V\u0161eobecn\u00e9 podm\u00ednky n\u00e1kupu<\/a>[\/vc_column_text][divider line_type=&#8221;No Line&#8221; custom_height=&#8221;50px&#8221;][split_line_heading animation_type=&#8221;line-reveal-by-space&#8221; font_style=&#8221;h2&#8243; text_color=&#8221;#7c858c&#8221; line_reveal_by_space_text_effect=&#8221;default&#8221; content_alignment=&#8221;default&#8221; mobile_content_alignment=&#8221;inherit&#8221; link_target=&#8221;_self&#8221; text_content=&#8221;Supplier Code of Conduct&#8221; font_size=&#8221;30px&#8221;][\/split_line_heading][vc_column_text]<a href=\"https:\/\/www.gaudlitz.de\/wp-content\/uploads\/2025\/06\/DE_Lieferantenkodex_GAUDLITZ_Gruppe_Suppliers_Code_of_Conduct_GAUDLITZ_Group.pdf\">Supplier Code of Conduct<\/a>[\/vc_column_text][divider line_type=&#8221;No Line&#8221; custom_height=&#8221;50px&#8221;][\/vc_column][\/vc_row]\n","protected":false},"excerpt":{"rendered":"<p>[vc_row type=&#8221;full_width_background&#8221; full_screen_row_position=&#8221;middle&#8221; column_margin=&#8221;default&#8221; column_direction=&#8221;default&#8221; column_direction_tablet=&#8221;default&#8221; column_direction_phone=&#8221;default&#8221; scene_position=&#8221;center&#8221; top_padding=&#8221;200px&#8221; bottom_padding=&#8221;50&#8243; top_padding_tablet=&#8221;150px&#8221; top_padding_phone=&#8221;100px&#8221; text_color=&#8221;dark&#8221; text_align=&#8221;left&#8221; row_border_radius=&#8221;none&#8221; row_border_radius_applies=&#8221;bg&#8221; overflow=&#8221;visible&#8221; overlay_strength=&#8221;0.3&#8243; gradient_direction=&#8221;left_to_right&#8221; shape_divider_position=&#8221;bottom&#8221; bg_image_animation=&#8221;none&#8221; gradient_type=&#8221;default&#8221; shape_type=&#8221;&#8221;][vc_column column_padding=&#8221;no-extra-padding&#8221; column_padding_tablet=&#8221;inherit&#8221; column_padding_phone=&#8221;inherit&#8221; column_padding_position=&#8221;all&#8221; column_element_direction_desktop=&#8221;default&#8221; column_element_spacing=&#8221;default&#8221; desktop_text_alignment=&#8221;default&#8221;&#8230;<\/p>\n","protected":false},"author":3,"featured_media":0,"parent":0,"menu_order":0,"comment_status":"closed","ping_status":"closed","template":"","meta":{"_acf_changed":false,"inline_featured_image":false,"footnotes":""},"class_list":["post-3197","page","type-page","status-publish"],"acf":[],"_links":{"self":[{"href":"https:\/\/www.gaudlitz.de\/en\/wp-json\/wp\/v2\/pages\/3197"}],"collection":[{"href":"https:\/\/www.gaudlitz.de\/en\/wp-json\/wp\/v2\/pages"}],"about":[{"href":"https:\/\/www.gaudlitz.de\/en\/wp-json\/wp\/v2\/types\/page"}],"author":[{"embeddable":true,"href":"https:\/\/www.gaudlitz.de\/en\/wp-json\/wp\/v2\/users\/3"}],"replies":[{"embeddable":true,"href":"https:\/\/www.gaudlitz.de\/en\/wp-json\/wp\/v2\/comments?post=3197"}],"version-history":[{"count":13,"href":"https:\/\/www.gaudlitz.de\/en\/wp-json\/wp\/v2\/pages\/3197\/revisions"}],"predecessor-version":[{"id":5506,"href":"https:\/\/www.gaudlitz.de\/en\/wp-json\/wp\/v2\/pages\/3197\/revisions\/5506"}],"wp:attachment":[{"href":"https:\/\/www.gaudlitz.de\/en\/wp-json\/wp\/v2\/media?parent=3197"}],"curies":[{"name":"wp","href":"https:\/\/api.w.org\/{rel}","templated":true}]}}